{"id":72728,"date":"2022-12-09T18:58:52","date_gmt":"2022-12-09T18:58:52","guid":{"rendered":"https:\/\/www.getunwired.com\/?page_id=72728"},"modified":"2024-11-20T18:09:25","modified_gmt":"2024-11-20T18:09:25","slug":"careers","status":"publish","type":"page","link":"https:\/\/www.getunwired.com\/es\/careers","title":{"rendered":"carreras"},"content":{"rendered":"<p>[et_pb_section fb_built=&#8221;1&#8243; module_id=&#8221;hero_section&#8221; module_class=&#8221;career_hero&#8221; _builder_version=&#8221;4.19.5&#8243; _module_preset=&#8221;default&#8221; background_color=&#8221;rgba(0,0,0,0.35)&#8221; background_image=&#8221;https:\/\/www.getunwired.com\/wp-content\/uploads\/2022\/12\/farmboy-added-1-scaled.jpg&#8221; background_position=&#8221;center_left&#8221; background_blend=&#8221;multiply&#8221; positioning=&#8221;none&#8221; width=&#8221;100%&#8221; min_height=&#8221;85vh&#8221; height=&#8221;100%&#8221; custom_margin=&#8221;0px|0px|0px|0px|false|false&#8221; custom_padding=&#8221;10px|0px|10px|0px|true|false&#8221; global_colors_info=&#8221;{}&#8221;][et_pb_row module_id=&#8221;hero_row&#8221; _builder_version=&#8221;4.19.4&#8243; _module_preset=&#8221;default&#8221; custom_margin=&#8221;0px|0px|0px|0px|false|false&#8221; custom_padding=&#8221;0px|0px|0px|0px|false|false&#8221; global_colors_info=&#8221;{}&#8221;][et_pb_column type=&#8221;4_4&#8243; module_id=&#8221;hero_col&#8221; _builder_version=&#8221;4.19.4&#8243; _module_preset=&#8221;default&#8221; custom_padding=&#8221;0px|0px|0px|0px|false|false&#8221; global_colors_info=&#8221;{}&#8221;][et_pb_text module_id=&#8221;hero_cta_text&#8221; _builder_version=&#8221;4.22.1&#8243; _module_preset=&#8221;default&#8221; text_font=&#8221;Poppins||||||||&#8221; text_text_color=&#8221;#FFFFFF&#8221; text_font_size=&#8221;32px&#8221; text_line_height=&#8221;1.3em&#8221; header_font=&#8221;Poppins|700|||||||&#8221; header_text_align=&#8221;center&#8221; header_text_color=&#8221;#FFFFFF&#8221; header_font_size=&#8221;62px&#8221; text_orientation=&#8221;center&#8221; height=&#8221;100%&#8221; custom_margin=&#8221;0px|0px|0px|0px|false|false&#8221; custom_padding=&#8221;0px|0px|0px|0px|false|false&#8221; global_colors_info=&#8221;{}&#8221;]<\/p>\n<h1>Careers<\/h1>\n<p>Apply to join the unWired team in Central CA[\/et_pb_text][\/et_pb_column][\/et_pb_row][\/et_pb_section][et_pb_section fb_built=&#8221;1&#8243; admin_label=&#8221;Features&#8221; _builder_version=&#8221;4.16&#8243; global_colors_info=&#8221;{}&#8221;][et_pb_row _builder_version=&#8221;4.19.2&#8243; global_colors_info=&#8221;{}&#8221;][et_pb_column type=&#8221;4_4&#8243; _builder_version=&#8221;4.16&#8243; custom_padding=&#8221;|||&#8221; global_colors_info=&#8221;{}&#8221; custom_padding__hover=&#8221;|||&#8221;][et_pb_blog posts_number=&#8221;15&#8243; include_categories=&#8221;17&#8243; show_more=&#8221;on&#8221; show_author=&#8221;off&#8221; show_date=&#8221;off&#8221; show_categories=&#8221;off&#8221; hover_overlay_color_last_edited=&#8221;off|desktop&#8221; module_class=&#8221;blog-post-grid&#8221; _builder_version=&#8221;4.19.5&#8243; header_level=&#8221;h4&#8243; header_font=&#8221;Poppins|700|||||||&#8221; header_text_color=&#8221;#192842&#8243; header_font_size=&#8221;20px&#8221; body_font=&#8221;Karla||||||||&#8221; body_font_size=&#8221;16px&#8221; body_line_height=&#8221;1.4em&#8221; meta_font=&#8221;||||||||&#8221; meta_text_color=&#8221;rgba(0,0,0,0.2)&#8221; read_more_font=&#8221;Poppins|600||on|||||&#8221; read_more_font_size=&#8221;15px&#8221; pagination_font=&#8221;Poppins|600|||||||&#8221; pagination_text_color=&#8221;#6c4ef4&#8243; pagination_font_size=&#8221;20px&#8221; background_color=&#8221;RGBA(255,255,255,0)&#8221; background_enable_image=&#8221;off&#8221; header_font_size_tablet=&#8221;&#8221; header_font_size_phone=&#8221;16px&#8221; header_font_size_last_edited=&#8221;on|phone&#8221; custom_css_title=&#8221;padding: 0px 15px;&#8221; custom_css_content=&#8221;padding: 15px;&#8221; custom_css_read_more=&#8221;background-color: #f2b500;||padding: 4px 30px;||margin: 15px 0px;||display: inline-block;||color: #192842;||border-radius: 60px;&#8221; border_width_all=&#8221;0px&#8221; global_colors_info=&#8221;{}&#8221; box_shadow_vertical__hover=&#8221;50px&#8221; box_shadow_vertical__hover_enabled=&#8221;on&#8221; box_shadow_blur__hover=&#8221;180px&#8221; box_shadow_blur__hover_enabled=&#8221;on&#8221; background__hover_enabled=&#8221;off|desktop&#8221;][\/et_pb_blog][\/et_pb_column][\/et_pb_row][\/et_pb_section]<\/p>\n","protected":false},"excerpt":{"rendered":"<p>Solicite unirse al equipo unWired en Central CA<\/p>","protected":false},"author":3,"featured_media":0,"parent":0,"menu_order":0,"comment_status":"closed","ping_status":"closed","template":"","meta":{"_et_pb_use_builder":"on","_et_pb_old_content":"","_et_gb_content_width":"","footnotes":""},"class_list":["post-72728","page","type-page","status-publish","hentry"],"yoast_head":"<!-- This site is optimized with the Yoast SEO plugin v27.2 - https:\/\/yoast.com\/product\/yoast-seo-wordpress\/ -->\n<title>Careers | unWired Broadband<\/title>\n<meta name=\"description\" content=\"Check out and apply for the latest sales, technology, operations and customer service job openings at unWired Broadband.\" \/>\n<meta name=\"robots\" content=\"index, follow, max-snippet:-1, max-image-preview:large, max-video-preview:-1\" \/>\n<link rel=\"canonical\" href=\"https:\/\/www.getunwired.com\/es\/careers\/\" \/>\n<meta property=\"og:locale\" content=\"es_MX\" \/>\n<meta property=\"og:type\" content=\"article\" \/>\n<meta property=\"og:title\" content=\"Careers | unWired Broadband\" \/>\n<meta property=\"og:description\" content=\"Check out and apply for the latest sales, technology, operations and customer service job openings at unWired Broadband.\" \/>\n<meta property=\"og:url\" content=\"https:\/\/www.getunwired.com\/es\/careers\/\" \/>\n<meta property=\"og:site_name\" content=\"unWired Broadband\" \/>\n<meta property=\"article:modified_time\" content=\"2024-11-20T18:09:25+00:00\" \/>\n<meta property=\"og:image\" content=\"https:\/\/www.getunwired.com\/wp-content\/uploads\/2023\/02\/dont-just-take-our-word-for-it.png\" \/>\n\t<meta property=\"og:image:width\" content=\"1712\" \/>\n\t<meta property=\"og:image:height\" content=\"965\" \/>\n\t<meta property=\"og:image:type\" content=\"image\/png\" \/>\n<meta name=\"twitter:card\" content=\"summary_large_image\" \/>\n<meta name=\"twitter:label1\" content=\"Tiempo de lectura\" \/>\n\t<meta name=\"twitter:data1\" content=\"2 minutos\" \/>\n<script type=\"application\/ld+json\" class=\"yoast-schema-graph\">{\"@context\":\"https:\/\/schema.org\",\"@graph\":[{\"@type\":\"WebPage\",\"@id\":\"https:\/\/www.getunwired.com\/careers\",\"url\":\"https:\/\/www.getunwired.com\/careers\",\"name\":\"Careers | unWired Broadband\",\"isPartOf\":{\"@id\":\"https:\/\/www.getunwired.com\/#website\"},\"datePublished\":\"2022-12-09T18:58:52+00:00\",\"dateModified\":\"2024-11-20T18:09:25+00:00\",\"description\":\"Check out and apply for the latest sales, technology, operations and customer service job openings at unWired Broadband.\",\"breadcrumb\":{\"@id\":\"https:\/\/www.getunwired.com\/careers#breadcrumb\"},\"inLanguage\":\"es-MX\",\"potentialAction\":[{\"@type\":\"ReadAction\",\"target\":[\"https:\/\/www.getunwired.com\/careers\"]}]},{\"@type\":\"BreadcrumbList\",\"@id\":\"https:\/\/www.getunwired.com\/careers#breadcrumb\",\"itemListElement\":[{\"@type\":\"ListItem\",\"position\":1,\"name\":\"Home\",\"item\":\"https:\/\/www.getunwired.com\/\"},{\"@type\":\"ListItem\",\"position\":2,\"name\":\"careers\"}]},{\"@type\":\"WebSite\",\"@id\":\"https:\/\/www.getunwired.com\/#website\",\"url\":\"https:\/\/www.getunwired.com\/\",\"name\":\"getunwired\",\"description\":\"Fast, Reliable Internet\",\"publisher\":{\"@id\":\"https:\/\/www.getunwired.com\/#organization\"},\"potentialAction\":[{\"@type\":\"SearchAction\",\"target\":{\"@type\":\"EntryPoint\",\"urlTemplate\":\"https:\/\/www.getunwired.com\/?s={search_term_string}\"},\"query-input\":{\"@type\":\"PropertyValueSpecification\",\"valueRequired\":true,\"valueName\":\"search_term_string\"}}],\"inLanguage\":\"es-MX\"},{\"@type\":\"Organization\",\"@id\":\"https:\/\/www.getunwired.com\/#organization\",\"name\":\"unWired Broadband\",\"url\":\"https:\/\/www.getunwired.com\/\",\"logo\":{\"@type\":\"ImageObject\",\"inLanguage\":\"es-MX\",\"@id\":\"https:\/\/www.getunwired.com\/#\/schema\/logo\/image\/\",\"url\":\"https:\/\/www.getunwired.com\/wp-content\/uploads\/2023\/02\/logo-blue-smaller.png\",\"contentUrl\":\"https:\/\/www.getunwired.com\/wp-content\/uploads\/2023\/02\/logo-blue-smaller.png\",\"width\":169,\"height\":52,\"caption\":\"unWired Broadband\"},\"image\":{\"@id\":\"https:\/\/www.getunwired.com\/#\/schema\/logo\/image\/\"}}]}<\/script>\n<!-- \/ Yoast SEO plugin. -->","yoast_head_json":{"title":"Carreras | Banda ancha inal\u00e1mbrica","description":"Consulte y post\u00falese para las \u00faltimas ofertas de trabajo en ventas, tecnolog\u00eda, operaciones y servicio al cliente en unWired Broadband.","robots":{"index":"index","follow":"follow","max-snippet":"max-snippet:-1","max-image-preview":"max-image-preview:large","max-video-preview":"max-video-preview:-1"},"canonical":"https:\/\/www.getunwired.com\/es\/careers\/","og_locale":"es_MX","og_type":"article","og_title":"Careers | unWired Broadband","og_description":"Check out and apply for the latest sales, technology, operations and customer service job openings at unWired Broadband.","og_url":"https:\/\/www.getunwired.com\/es\/careers\/","og_site_name":"unWired Broadband","article_modified_time":"2024-11-20T18:09:25+00:00","og_image":[{"width":1712,"height":965,"url":"https:\/\/www.getunwired.com\/wp-content\/uploads\/2023\/02\/dont-just-take-our-word-for-it.png","type":"image\/png"}],"twitter_card":"summary_large_image","twitter_misc":{"Tiempo de lectura":"2 minutos"},"schema":{"@context":"https:\/\/schema.org","@graph":[{"@type":"WebPage","@id":"https:\/\/www.getunwired.com\/careers","url":"https:\/\/www.getunwired.com\/careers","name":"Carreras | Banda ancha inal\u00e1mbrica","isPartOf":{"@id":"https:\/\/www.getunwired.com\/#website"},"datePublished":"2022-12-09T18:58:52+00:00","dateModified":"2024-11-20T18:09:25+00:00","description":"Consulte y post\u00falese para las \u00faltimas ofertas de trabajo en ventas, tecnolog\u00eda, operaciones y servicio al cliente en unWired Broadband.","breadcrumb":{"@id":"https:\/\/www.getunwired.com\/careers#breadcrumb"},"inLanguage":"es-MX","potentialAction":[{"@type":"ReadAction","target":["https:\/\/www.getunwired.com\/careers"]}]},{"@type":"BreadcrumbList","@id":"https:\/\/www.getunwired.com\/careers#breadcrumb","itemListElement":[{"@type":"ListItem","position":1,"name":"Home","item":"https:\/\/www.getunwired.com\/"},{"@type":"ListItem","position":2,"name":"careers"}]},{"@type":"WebSite","@id":"https:\/\/www.getunwired.com\/#website","url":"https:\/\/www.getunwired.com\/","name":"Desconectarse","description":"Internet r\u00e1pido y confiable","publisher":{"@id":"https:\/\/www.getunwired.com\/#organization"},"potentialAction":[{"@type":"SearchAction","target":{"@type":"EntryPoint","urlTemplate":"https:\/\/www.getunwired.com\/?s={search_term_string}"},"query-input":{"@type":"PropertyValueSpecification","valueRequired":true,"valueName":"search_term_string"}}],"inLanguage":"es-MX"},{"@type":"Organization","@id":"https:\/\/www.getunwired.com\/#organization","name":"banda ancha sin cable","url":"https:\/\/www.getunwired.com\/","logo":{"@type":"ImageObject","inLanguage":"es-MX","@id":"https:\/\/www.getunwired.com\/#\/schema\/logo\/image\/","url":"https:\/\/www.getunwired.com\/wp-content\/uploads\/2023\/02\/logo-blue-smaller.png","contentUrl":"https:\/\/www.getunwired.com\/wp-content\/uploads\/2023\/02\/logo-blue-smaller.png","width":169,"height":52,"caption":"unWired Broadband"},"image":{"@id":"https:\/\/www.getunwired.com\/#\/schema\/logo\/image\/"}}]}},"_links":{"self":[{"href":"https:\/\/www.getunwired.com\/es\/wp-json\/wp\/v2\/pages\/72728","targetHints":{"allow":["GET"]}}],"collection":[{"href":"https:\/\/www.getunwired.com\/es\/wp-json\/wp\/v2\/pages"}],"about":[{"href":"https:\/\/www.getunwired.com\/es\/wp-json\/wp\/v2\/types\/page"}],"author":[{"embeddable":true,"href":"https:\/\/www.getunwired.com\/es\/wp-json\/wp\/v2\/users\/3"}],"replies":[{"embeddable":true,"href":"https:\/\/www.getunwired.com\/es\/wp-json\/wp\/v2\/comments?post=72728"}],"version-history":[{"count":0,"href":"https:\/\/www.getunwired.com\/es\/wp-json\/wp\/v2\/pages\/72728\/revisions"}],"wp:attachment":[{"href":"https:\/\/www.getunwired.com\/es\/wp-json\/wp\/v2\/media?parent=72728"}],"curies":[{"name":"gracias","href":"https:\/\/api.w.org\/{rel}","templated":true}]}}